{"id":15,"date":"2023-03-08T00:44:01","date_gmt":"2023-03-08T03:44:01","guid":{"rendered":"https:\/\/emendesconstrutora.wordpress.com\/?page_id=14"},"modified":"2023-03-19T11:43:56","modified_gmt":"2023-03-19T11:43:56","slug":"engenharia","status":"publish","type":"page","link":"https:\/\/emendesconstrutora.com.br\/","title":{"rendered":"Obra"},"content":{"rendered":"\n<p><strong>substantivo feminino<\/strong><\/p>\n\n\n\n<div class=\"wp-block-group is-layout-constrained wp-block-group-is-layout-constrained\">\n<div class=\"wp-block-group is-layout-constrained wp-block-group-is-layout-constrained\">\n<p class=\"has-arvo-font-family\" style=\"margin-top:0;margin-right:0;margin-bottom:0;margin-left:0;font-size:0.7rem;font-style:normal;font-weight:100;letter-spacing:3px;line-height:1.5\">Efeito do trabalho; trabalho manual; a\u00e7\u00e3o; produ\u00e7\u00e3o ou trabalho liter\u00e1rio, cient\u00edfico ou art\u00edstico; edif\u00edcio em constru\u00e7\u00e3o, repara\u00e7\u00e3o de um edif\u00edcio; \u2013 de arte:artefato bem delineado e executado; pau para toda -: pessoa ou coisa que serve para tudo; por \u2013 e gra\u00e7a de: por interven\u00e7\u00e3o de.&nbsp;<strong>o.bra<\/strong><\/p>\n<\/div>\n<\/div>\n\n\n\n<div style=\"height:0px\" aria-hidden=\"true\" class=\"wp-block-spacer\"><\/div>\n\n\n\n<p class=\"has-text-align-right has-ibm-plex-mono-font-family\">Para n\u00f3s, \u00e9 muito mais&#8230;<\/p>\n","protected":false},"excerpt":{"rendered":"<p>substantivo feminino Efeito do trabalho; trabalho manual; a\u00e7\u00e3o; produ\u00e7\u00e3o ou trabalho liter\u00e1rio, cient\u00edfico ou art\u00edstico; edif\u00edcio em constru\u00e7\u00e3o, repara\u00e7\u00e3o de um edif\u00edcio; \u2013 de arte:artefato bem delineado e executado; pau para toda -: pessoa ou coisa que serve para tudo; por \u2013 e gra\u00e7a de: por interven\u00e7\u00e3o de.&nbsp;o.bra Para n\u00f3s, \u00e9 muito mais&#8230;<\/p>\n","protected":false},"author":1,"featured_media":0,"parent":0,"menu_order":0,"comment_status":"closed","ping_status":"closed","template":"","meta":{"footnotes":""},"class_list":["post-15","page","type-page","status-publish","hentry"],"_links":{"self":[{"href":"https:\/\/emendesconstrutora.com.br\/index.php\/wp-json\/wp\/v2\/pages\/15","targetHints":{"allow":["GET"]}}],"collection":[{"href":"https:\/\/emendesconstrutora.com.br\/index.php\/wp-json\/wp\/v2\/pages"}],"about":[{"href":"https:\/\/emendesconstrutora.com.br\/index.php\/wp-json\/wp\/v2\/types\/page"}],"author":[{"embeddable":true,"href":"https:\/\/emendesconstrutora.com.br\/index.php\/wp-json\/wp\/v2\/users\/1"}],"replies":[{"embeddable":true,"href":"https:\/\/emendesconstrutora.com.br\/index.php\/wp-json\/wp\/v2\/comments?post=15"}],"version-history":[{"count":9,"href":"https:\/\/emendesconstrutora.com.br\/index.php\/wp-json\/wp\/v2\/pages\/15\/revisions"}],"predecessor-version":[{"id":168,"href":"https:\/\/emendesconstrutora.com.br\/index.php\/wp-json\/wp\/v2\/pages\/15\/revisions\/168"}],"wp:attachment":[{"href":"https:\/\/emendesconstrutora.com.br\/index.php\/wp-json\/wp\/v2\/media?parent=15"}],"curies":[{"name":"wp","href":"https:\/\/api.w.org\/{rel}","templated":true}]}}