{"id":39,"date":"2023-03-08T01:27:30","date_gmt":"2023-03-08T04:27:30","guid":{"rendered":"https:\/\/emendesconstrutora.wordpress.com\/?page_id=39"},"modified":"2024-11-25T20:35:29","modified_gmt":"2024-11-25T20:35:29","slug":"historia","status":"publish","type":"page","link":"https:\/\/emendesconstrutora.com.br\/index.php\/historia\/","title":{"rendered":""},"content":{"rendered":"\n<div class=\"wp-block-media-text alignfull is-stacked-on-mobile has-white-background-color has-background has-x-large-font-size\" style=\"border-style:none;border-width:0px;border-radius:0px;padding-top:0;padding-right:0;padding-bottom:0;padding-left:0;grid-template-columns:41% auto\"><figure class=\"wp-block-media-text__media\"><img loading=\"lazy\" decoding=\"async\" width=\"683\" height=\"1024\" src=\"https:\/\/emendesconstrutora.com.br\/wp-content\/uploads\/2024\/11\/Obvio_QueimaDiaria_estudiony18_0005-683x1024.jpg\" alt=\"\" class=\"wp-image-262 size-full\" srcset=\"https:\/\/emendesconstrutora.com.br\/wp-content\/uploads\/2024\/11\/Obvio_QueimaDiaria_estudiony18_0005-683x1024.jpg 683w, https:\/\/emendesconstrutora.com.br\/wp-content\/uploads\/2024\/11\/Obvio_QueimaDiaria_estudiony18_0005-200x300.jpg 200w, https:\/\/emendesconstrutora.com.br\/wp-content\/uploads\/2024\/11\/Obvio_QueimaDiaria_estudiony18_0005-768x1152.jpg 768w, https:\/\/emendesconstrutora.com.br\/wp-content\/uploads\/2024\/11\/Obvio_QueimaDiaria_estudiony18_0005-1024x1536.jpg 1024w, https:\/\/emendesconstrutora.com.br\/wp-content\/uploads\/2024\/11\/Obvio_QueimaDiaria_estudiony18_0005-1365x2048.jpg 1365w, https:\/\/emendesconstrutora.com.br\/wp-content\/uploads\/2024\/11\/Obvio_QueimaDiaria_estudiony18_0005-scaled.jpg 1707w\" sizes=\"auto, (max-width: 683px) 100vw, 683px\" \/><\/figure><div class=\"wp-block-media-text__content\">\n<div class=\"wp-block-cover is-light\" style=\"min-height:95vh;aspect-ratio:unset;\"><span aria-hidden=\"true\" class=\"wp-block-cover__background has-white-background-color has-background-dim-100 has-background-dim\"><\/span><div class=\"wp-block-cover__inner-container is-layout-flow wp-block-cover-is-layout-flow\">\n<div class=\"wp-block-group has-black-color has-text-color has-link-color wp-elements-bd542192059c3a07991ea6821a0af87e is-layout-constrained wp-block-group-is-layout-constrained\"><h1 style=\"text-decoration:none;text-transform:capitalize;letter-spacing:0px;\" class=\"has-text-align-center wp-block-site-title has-large-font-size\">E . M E N D E S<\/h1>\n\n\n<p class=\"has-text-align-center has-arvo-font-family\" style=\"font-size:0.7rem;font-style:normal;font-weight:100;letter-spacing:1px\">Nascidos e criados em obra, com encontros familiares que mais pareciam feiras de arquitetura e constru\u00e7\u00e3o civil, o Administrador<strong> Vinicius Mendes<\/strong> e o Engenheiro <strong>Guilherme Mendes<\/strong>, encorajados por toda a experi\u00eancia acumulada em projetos de grande porte e &#8220;tiro curto&#8221; respectivamente, decidem criar a E.Mendes Construtora, uma empresa orgulhosamente familiar.<\/p>\n\n\n\n<div style=\"height:27px\" aria-hidden=\"true\" class=\"wp-block-spacer\"><\/div>\n<\/div>\n\n\n\n<figure class=\"wp-block-gallery has-nested-images columns-default is-cropped wp-block-gallery-1 is-layout-flex wp-block-gallery-is-layout-flex\">\n<figure class=\"wp-block-image size-full has-custom-border is-style-default\"><img loading=\"lazy\" decoding=\"async\" width=\"438\" height=\"553\" data-id=\"55\" src=\"https:\/\/emendesconstrutora.com.br\/wp-content\/uploads\/2023\/03\/vinicius-1.jpeg\" alt=\"\" class=\"wp-image-55\" style=\"border-style:none;border-width:0px;border-radius:100px\" srcset=\"https:\/\/emendesconstrutora.com.br\/wp-content\/uploads\/2023\/03\/vinicius-1.jpeg 438w, https:\/\/emendesconstrutora.com.br\/wp-content\/uploads\/2023\/03\/vinicius-1-238x300.jpeg 238w\" sizes=\"auto, (max-width: 438px) 100vw, 438px\" \/><\/figure>\n\n\n\n<figure class=\"wp-block-image size-full has-custom-border is-style-rounded\"><img loading=\"lazy\" decoding=\"async\" width=\"312\" height=\"346\" data-id=\"56\" src=\"https:\/\/emendesconstrutora.com.br\/wp-content\/uploads\/2023\/03\/perfil.jpeg\" alt=\"\" class=\"wp-image-56\" style=\"border-style:none;border-width:0px;border-radius:100px\" srcset=\"https:\/\/emendesconstrutora.com.br\/wp-content\/uploads\/2023\/03\/perfil.jpeg 312w, https:\/\/emendesconstrutora.com.br\/wp-content\/uploads\/2023\/03\/perfil-271x300.jpeg 271w\" sizes=\"auto, (max-width: 312px) 100vw, 312px\" \/><\/figure>\n<\/figure>\n\n\n\n<div class=\"wp-block-group has-black-color has-text-color has-link-color wp-elements-8bcaf6c7afde5ff28beb5041f99f1238 is-layout-constrained wp-block-group-is-layout-constrained\">\n<p class=\"has-text-align-center has-arvo-font-family\" style=\"font-size:0.7rem;letter-spacing:1px;line-height:1.9\">Inspirados por seus &#8220;padrinhos&#8221; <em>Eng\u00ba Geraldo Magela Diniz<\/em> e <em>Eng\u00ba Erotides de Freitas Mendes<\/em>, a companhia ambiciona oferecer uma experi\u00eancia singular, prezando pela qualidade executiva, previsibilidade e transpar\u00eancia junto ao cliente, objetivando sempre o sucesso da obra. <\/p>\n\n\n\n<div style=\"height:5px\" aria-hidden=\"true\" class=\"wp-block-spacer\"><\/div>\n\n\n\n<div class=\"wp-block-group is-layout-constrained wp-block-group-is-layout-constrained\">\n<div class=\"wp-block-media-text alignwide is-stacked-on-mobile is-image-fill-element has-small-font-size\" style=\"grid-template-columns:49% auto\"><figure class=\"wp-block-media-text__media\"><img loading=\"lazy\" decoding=\"async\" width=\"416\" height=\"375\" src=\"https:\/\/emendesconstrutora.com.br\/wp-content\/uploads\/2023\/03\/DSCF9540-1.png\" alt=\"\" class=\"wp-image-164 size-full\" style=\"object-position:50% 50%\" srcset=\"https:\/\/emendesconstrutora.com.br\/wp-content\/uploads\/2023\/03\/DSCF9540-1.png 416w, https:\/\/emendesconstrutora.com.br\/wp-content\/uploads\/2023\/03\/DSCF9540-1-300x270.png 300w\" sizes=\"auto, (max-width: 416px) 100vw, 416px\" \/><\/figure><div class=\"wp-block-media-text__content\">\n<p class=\"has-text-align-left has-arvo-font-family\" style=\"font-size:0.7rem;font-style:normal;font-weight:100;letter-spacing:0.7px;line-height:1.5\"><strong>E.Mendes Construtora<\/strong> foi nomeada em homenagem ao Eng\u00ba. Erotides Mendes. <\/p>\n\n\n\n<p class=\"has-text-align-left has-arvo-font-family\" style=\"font-size:0.7rem;font-style:normal;font-weight:100;letter-spacing:0.7px;line-height:1.5\">Com mais de 500 ARTs de obras comerciais al\u00e9m de quase tr\u00eas d\u00e9cadas de experi\u00eancia na \u00e1rea, temos o privil\u00e9gio de contar como Conselheiro da empresa.<\/p>\n<\/div><\/div>\n<\/div>\n\n\n\n<div style=\"height:5px\" aria-hidden=\"true\" class=\"wp-block-spacer\"><\/div>\n\n\n\n<p class=\"has-arvo-font-family\" style=\"font-size:0.7px\">Com esta experi\u00eancia embarcada, atuamos projetos que se destacam pela complexidade t\u00e9cnica e celeridade consider\u00e1vel, temos como a t\u00f4nica da nossa atua\u00e7\u00e3o a busca pela harmonia entre todos envolvidos*, n\u00e3o poupando esfor\u00e7os para uma boa comunica\u00e7\u00e3o e gest\u00e3o de expectativas.<\/p>\n\n\n\n<div class=\"wp-block-group is-layout-constrained wp-block-group-is-layout-constrained\"><div class=\"alignright wp-block-site-logo\"><a href=\"https:\/\/emendesconstrutora.com.br\/\" class=\"custom-logo-link\" rel=\"home\"><img loading=\"lazy\" decoding=\"async\" width=\"53\" height=\"53\" src=\"https:\/\/emendesconstrutora.com.br\/wp-content\/uploads\/2023\/03\/cropped-img_29836-2.png\" class=\"custom-logo\" alt=\"E . M E N D E S\" srcset=\"https:\/\/emendesconstrutora.com.br\/wp-content\/uploads\/2023\/03\/cropped-img_29836-2.png 980w, https:\/\/emendesconstrutora.com.br\/wp-content\/uploads\/2023\/03\/cropped-img_29836-2-300x300.png 300w, https:\/\/emendesconstrutora.com.br\/wp-content\/uploads\/2023\/03\/cropped-img_29836-2-150x150.png 150w, https:\/\/emendesconstrutora.com.br\/wp-content\/uploads\/2023\/03\/cropped-img_29836-2-768x768.png 768w\" sizes=\"auto, (max-width: 53px) 100vw, 53px\" \/><\/a><\/div>\n\n\n<p class=\"has-arvo-font-family\" style=\"font-size:9px;line-height:1.3\"><strong>* <\/strong>O emblema da <strong>E.Mendes Construtora<\/strong> foi concebido da vontade de conciliar o s\u00edmbolo cl\u00e1ssico da Engenharia (a engrenagem) \u00e0 ansiada harmonia entre os integrantes de um projeto.<\/p>\n<\/div>\n<\/div>\n<\/div><\/div>\n<\/div><\/div>\n","protected":false},"excerpt":{"rendered":"","protected":false},"author":1,"featured_media":0,"parent":0,"menu_order":0,"comment_status":"closed","ping_status":"closed","template":"page-without-title","meta":{"footnotes":""},"class_list":["post-39","page","type-page","status-publish","hentry"],"_links":{"self":[{"href":"https:\/\/emendesconstrutora.com.br\/index.php\/wp-json\/wp\/v2\/pages\/39","targetHints":{"allow":["GET"]}}],"collection":[{"href":"https:\/\/emendesconstrutora.com.br\/index.php\/wp-json\/wp\/v2\/pages"}],"about":[{"href":"https:\/\/emendesconstrutora.com.br\/index.php\/wp-json\/wp\/v2\/types\/page"}],"author":[{"embeddable":true,"href":"https:\/\/emendesconstrutora.com.br\/index.php\/wp-json\/wp\/v2\/users\/1"}],"replies":[{"embeddable":true,"href":"https:\/\/emendesconstrutora.com.br\/index.php\/wp-json\/wp\/v2\/comments?post=39"}],"version-history":[{"count":64,"href":"https:\/\/emendesconstrutora.com.br\/index.php\/wp-json\/wp\/v2\/pages\/39\/revisions"}],"predecessor-version":[{"id":282,"href":"https:\/\/emendesconstrutora.com.br\/index.php\/wp-json\/wp\/v2\/pages\/39\/revisions\/282"}],"wp:attachment":[{"href":"https:\/\/emendesconstrutora.com.br\/index.php\/wp-json\/wp\/v2\/media?parent=39"}],"curies":[{"name":"wp","href":"https:\/\/api.w.org\/{rel}","templated":true}]}}